{"id":9,"date":"2026-02-23T20:06:53","date_gmt":"2026-02-23T20:06:53","guid":{"rendered":"https:\/\/kwantyczasu.pl\/?page_id=9"},"modified":"2026-04-12T19:16:54","modified_gmt":"2026-04-12T19:16:54","slug":"strona-glowna","status":"publish","type":"page","link":"https:\/\/kwantyczasu.pl\/","title":{"rendered":"Kwanty Czasu"},"content":{"rendered":"\n<p>Czy 15 minut wystarczy, by zmieni\u0107 spos\u00f3b patrzenia na rzeczywisto\u015b\u0107? Kwanty Czasu to podcast o biznesie, \u017cyciu i sensie. W kr\u00f3tkich tre\u015bciach wype\u0142nionych moimi przemy\u015bleniami oraz zawarto\u015bci\u0105 lektur, kt\u00f3re czyta\u0142em staram si\u0119 dzieli\u0107 drog\u0105 do odnalezienia sensu.<\/p>\n\n\n\n<details class=\"wp-block-details is-layout-flow wp-block-details-is-layout-flow\"><summary><strong>Odcinek 1: SZUM.<\/strong> Masz woln\u0105 wol\u0119, czy tylko tak Ci si\u0119 wydaje?<\/summary>\n<div class=\"wp-block-columns is-layout-flex wp-container-core-columns-is-layout-28f84493 wp-block-columns-is-layout-flex\">\n<div class=\"wp-block-column is-layout-flow wp-block-column-is-layout-flow\" style=\"flex-basis:66.66%\">\n<p>Czy wiesz, czego naprawd\u0119 pragniesz? A mo\u017ce Twoje cele, marzenia i noworoczne postanowienia to tylko &#8222;szum&#8221; zainstalowany w Twojej g\u0142owie przez otoczenie? W pierwszym odcinku podcastu Kwanty Czasu bierzemy na warsztat poj\u0119cie: SZUM.<\/p>\n<\/div>\n\n\n\n<div class=\"wp-block-column is-layout-flow wp-block-column-is-layout-flow\" style=\"flex-basis:33.33%\">\n<ul class=\"wp-block-list\">\n<li><a href=\"https:\/\/youtu.be\/P6ZRmbb-l2w\">Pos\u0142uchaj na YouTube<\/a><\/li>\n\n\n\n<li><a href=\"https:\/\/open.spotify.com\/episode\/26CcThHsI9ZfZdmkRYFXU1?si=hhtuBHi2QxOUwlNdQ43n4w\">Pos\u0142uchaj na Spotify<\/a><\/li>\n\n\n\n<li><a href=\"https:\/\/podcasts.apple.com\/us\/podcast\/szum-masz-woln%C4%85-wol%C4%99-czy-tylko-tak-ci-si%C4%99-wydaje-podcast\/id1879574918?i=1000751067442\">Pos\u0142uchaj na Apple Podcasts<\/a><\/li>\n<\/ul>\n<\/div>\n<\/div>\n<\/details>\n\n\n\n<hr class=\"wp-block-separator has-alpha-channel-opacity\"\/>\n\n\n\n<p>S\u0142uchaj na najpopularniejszych platformach &#8211; kliknij w ikon\u0119, aby przej\u015b\u0107 do platformy:<\/p>\n\n\n\n<div class=\"wp-block-columns is-layout-flex wp-container-core-columns-is-layout-28f84493 wp-block-columns-is-layout-flex\">\n<div class=\"wp-block-column is-layout-flow wp-block-column-is-layout-flow\">\n<figure class=\"wp-block-image size-full\"><a href=\"https:\/\/open.spotify.com\/show\/1msAxDsIuu6SDwisgp3Pxy\" target=\"_blank\" rel=\" noreferrer noopener\"><img loading=\"lazy\" decoding=\"async\" width=\"600\" height=\"600\" src=\"https:\/\/kwantyczasu.pl\/wp-content\/uploads\/2026\/02\/spotify-logo-png_seeklogo-284480.png\" alt=\"\" class=\"wp-image-20\" srcset=\"https:\/\/kwantyczasu.pl\/wp-content\/uploads\/2026\/02\/spotify-logo-png_seeklogo-284480.png 600w, https:\/\/kwantyczasu.pl\/wp-content\/uploads\/2026\/02\/spotify-logo-png_seeklogo-284480-300x300.png 300w, https:\/\/kwantyczasu.pl\/wp-content\/uploads\/2026\/02\/spotify-logo-png_seeklogo-284480-150x150.png 150w\" sizes=\"auto, (max-width: 600px) 100vw, 600px\" \/><\/a><\/figure>\n<\/div>\n\n\n\n<div class=\"wp-block-column is-layout-flow wp-block-column-is-layout-flow\">\n<figure class=\"wp-block-image size-full\"><a href=\"https:\/\/www.youtube.com\/@kwantyczasu\" target=\"_blank\" rel=\" noreferrer noopener\"><img loading=\"lazy\" decoding=\"async\" width=\"600\" height=\"600\" src=\"https:\/\/kwantyczasu.pl\/wp-content\/uploads\/2026\/02\/youtube-2017-logo-png_seeklogo-316124.png\" alt=\"\" class=\"wp-image-21\" srcset=\"https:\/\/kwantyczasu.pl\/wp-content\/uploads\/2026\/02\/youtube-2017-logo-png_seeklogo-316124.png 600w, https:\/\/kwantyczasu.pl\/wp-content\/uploads\/2026\/02\/youtube-2017-logo-png_seeklogo-316124-300x300.png 300w, https:\/\/kwantyczasu.pl\/wp-content\/uploads\/2026\/02\/youtube-2017-logo-png_seeklogo-316124-150x150.png 150w\" sizes=\"auto, (max-width: 600px) 100vw, 600px\" \/><\/a><\/figure>\n<\/div>\n\n\n\n<div class=\"wp-block-column is-layout-flow wp-block-column-is-layout-flow\">\n<figure class=\"wp-block-image size-full\"><a href=\"https:\/\/podcasts.apple.com\/us\/podcast\/kwanty-czasu\/id1879574918\" target=\"_blank\" rel=\" noreferrer noopener\"><img loading=\"lazy\" decoding=\"async\" width=\"600\" height=\"600\" src=\"https:\/\/kwantyczasu.pl\/wp-content\/uploads\/2026\/02\/apple-podcasts-logo-png_seeklogo-345464.png\" alt=\"\" class=\"wp-image-22\" srcset=\"https:\/\/kwantyczasu.pl\/wp-content\/uploads\/2026\/02\/apple-podcasts-logo-png_seeklogo-345464.png 600w, https:\/\/kwantyczasu.pl\/wp-content\/uploads\/2026\/02\/apple-podcasts-logo-png_seeklogo-345464-300x300.png 300w, https:\/\/kwantyczasu.pl\/wp-content\/uploads\/2026\/02\/apple-podcasts-logo-png_seeklogo-345464-150x150.png 150w\" sizes=\"auto, (max-width: 600px) 100vw, 600px\" \/><\/a><\/figure>\n<\/div>\n<\/div>\n\n\n\n<h2 class=\"wp-block-heading\">Zapisz si\u0119 do newsletter&#8217;a Kwanty Czasu. Dzi\u0119ki temu raz w tygodniu otrzymasz email z informacjami o najnowszych odcinkach podcastu!<\/h2>\n\n\n  \n  \n  <div class=\"\n    mailpoet_form_popup_overlay\n      \"><\/div>\n  <div\n    id=\"mailpoet_form_1\"\n    class=\"\n      mailpoet_form\n      mailpoet_form_html\n      mailpoet_form_position_\n      mailpoet_form_animation_\n    \"\n      >\n\n    <style type=\"text\/css\">\n     #mailpoet_form_1 .mailpoet_form {  }\n#mailpoet_form_1 .mailpoet_column_with_background { padding: 10px; }\n#mailpoet_form_1 .mailpoet_form_column:not(:first-child) { margin-left: 20px; }\n#mailpoet_form_1 .mailpoet_paragraph { line-height: 20px; margin-bottom: 20px; }\n#mailpoet_form_1 .mailpoet_segment_label, #mailpoet_form_1 .mailpoet_text_label, #mailpoet_form_1 .mailpoet_textarea_label, #mailpoet_form_1 .mailpoet_select_label, #mailpoet_form_1 .mailpoet_radio_label, #mailpoet_form_1 .mailpoet_checkbox_label, #mailpoet_form_1 .mailpoet_list_label, #mailpoet_form_1 .mailpoet_date_label { display: block; font-weight: normal; }\n#mailpoet_form_1 .mailpoet_text, #mailpoet_form_1 .mailpoet_textarea, #mailpoet_form_1 .mailpoet_select, #mailpoet_form_1 .mailpoet_date_month, #mailpoet_form_1 .mailpoet_date_day, #mailpoet_form_1 .mailpoet_date_year, #mailpoet_form_1 .mailpoet_date { display: block; }\n#mailpoet_form_1 .mailpoet_text, #mailpoet_form_1 .mailpoet_textarea { width: 200px; }\n#mailpoet_form_1 .mailpoet_checkbox {  }\n#mailpoet_form_1 .mailpoet_submit {  }\n#mailpoet_form_1 .mailpoet_divider {  }\n#mailpoet_form_1 .mailpoet_message {  }\n#mailpoet_form_1 .mailpoet_form_loading { width: 30px; text-align: center; line-height: normal; }\n#mailpoet_form_1 .mailpoet_form_loading > span { width: 5px; height: 5px; background-color: #5b5b5b; }#mailpoet_form_1{border-radius: 0px;text-align: left;}#mailpoet_form_1 form.mailpoet_form {padding: 20px;}#mailpoet_form_1{width: 100%;}#mailpoet_form_1 .mailpoet_message {margin: 0; padding: 0 20px;}#mailpoet_form_1 .mailpoet_paragraph.last {margin-bottom: 0} @media (max-width: 500px) {#mailpoet_form_1 {background-image: none;}} @media (min-width: 500px) {#mailpoet_form_1 .last .mailpoet_paragraph:last-child {margin-bottom: 0}}  @media (max-width: 500px) {#mailpoet_form_1 .mailpoet_form_column:last-child .mailpoet_paragraph:last-child {margin-bottom: 0}} \n    <\/style>\n\n    <form\n      target=\"_self\"\n      method=\"post\"\n      action=\"https:\/\/kwantyczasu.pl\/wp-admin\/admin-post.php?action=mailpoet_subscription_form\"\n      class=\"mailpoet_form mailpoet_form_form mailpoet_form_html\"\n      novalidate\n      data-delay=\"\"\n      data-exit-intent-enabled=\"\"\n      data-font-family=\"\"\n      data-cookie-expiration-time=\"\"\n    >\n      <input type=\"hidden\" name=\"data[form_id]\" value=\"1\" \/>\n      <input type=\"hidden\" name=\"token\" value=\"07354e7ffa\" \/>\n      <input type=\"hidden\" name=\"api_version\" value=\"v1\" \/>\n      <input type=\"hidden\" name=\"endpoint\" value=\"subscribers\" \/>\n      <input type=\"hidden\" name=\"mailpoet_method\" value=\"subscribe\" \/>\n\n      <label class=\"mailpoet_hp_email_label\" style=\"display: none !important;\">Zostaw to pole puste<input type=\"email\" name=\"data[email]\"\/><\/label><h2 class=\"mailpoet-heading \" style=\"text-align: left\"><\/h2>\n<div class=\"mailpoet_paragraph \"><input type=\"email\" autocomplete=\"email\" class=\"mailpoet_text\" id=\"form_email_1\" name=\"data[form_field_MDEzYjgxOWM1MmQ0X2VtYWls]\" title=\"Adres email\" value=\"\" style=\"width:100%;box-sizing:border-box;padding:5px;margin: 0 auto 0 0;\" data-automation-id=\"form_email\"  placeholder=\"Adres email *\" aria-label=\"Adres email *\" data-parsley-errors-container=\".mailpoet_error_chgcq\" data-parsley-required=\"true\" required aria-required=\"true\" data-parsley-minlength=\"6\" data-parsley-maxlength=\"150\" data-parsley-type-message=\"Ta warto\u015b\u0107 powinna by\u0107 prawid\u0142owym adresem e-mail.\" data-parsley-required-message=\"To pole jest wymagane.\"\/><span class=\"mailpoet_error_chgcq\"><\/span><\/div>\n<div class=\"mailpoet_paragraph \"><input type=\"submit\" class=\"mailpoet_submit\" value=\"Subskrybuj!\" data-automation-id=\"subscribe-submit-button\" style=\"width:100%;box-sizing:border-box;padding:5px;margin: 0 auto 0 0;border-color:transparent;\" \/><span class=\"mailpoet_form_loading\"><span class=\"mailpoet_bounce1\"><\/span><span class=\"mailpoet_bounce2\"><\/span><span class=\"mailpoet_bounce3\"><\/span><\/span><\/div>\n<p class=\"mailpoet_form_paragraph \" style=\"text-align: left\">Przekazane dane pos\u0142u\u017c\u0105 jedynie do informowania o nowych odcinkach podcastu oraz inicjatywach autora podcastu. Zapisuj\u0105c si\u0119, wyra\u017casz na to zgod\u0119. <\/p>\n\n      <div class=\"mailpoet_message\">\n        <p class=\"mailpoet_validate_success\"\n                style=\"display:none;\"\n                >Sprawd\u017a swoj\u0105 skrzynk\u0119 odbiorcz\u0105 albo katalog spam i potwierd\u017a swoj\u0105 subskrypcj\u0119.\n        <\/p>\n        <p class=\"mailpoet_validate_error\"\n                style=\"display:none;\"\n                >        <\/p>\n      <\/div>\n    <\/form>\n\n      <\/div>\n\n  ","protected":false},"excerpt":{"rendered":"<p>Czy 15 minut wystarczy, by zmieni\u0107 spos\u00f3b patrzenia na rzeczywisto\u015b\u0107? Kwanty Czasu to podcast o biznesie, \u017cyciu i sensie. W kr\u00f3tkich tre\u015bciach wype\u0142nionych moimi przemy\u015bleniami oraz zawarto\u015bci\u0105 lektur, kt\u00f3re czyta\u0142em staram si\u0119 dzieli\u0107 drog\u0105 do odnalezienia sensu. S\u0142uchaj na najpopularniejszych platformach &#8211; kliknij w ikon\u0119, aby przej\u015b\u0107 do platformy: Zapisz si\u0119 do newsletter&#8217;a Kwanty Czasu. [&hellip;]<\/p>\n","protected":false},"author":1,"featured_media":0,"parent":0,"menu_order":0,"comment_status":"closed","ping_status":"closed","template":"","meta":{"footnotes":""},"class_list":["post-9","page","type-page","status-publish","hentry"],"_links":{"self":[{"href":"https:\/\/kwantyczasu.pl\/index.php?rest_route=\/wp\/v2\/pages\/9","targetHints":{"allow":["GET"]}}],"collection":[{"href":"https:\/\/kwantyczasu.pl\/index.php?rest_route=\/wp\/v2\/pages"}],"about":[{"href":"https:\/\/kwantyczasu.pl\/index.php?rest_route=\/wp\/v2\/types\/page"}],"author":[{"embeddable":true,"href":"https:\/\/kwantyczasu.pl\/index.php?rest_route=\/wp\/v2\/users\/1"}],"replies":[{"embeddable":true,"href":"https:\/\/kwantyczasu.pl\/index.php?rest_route=%2Fwp%2Fv2%2Fcomments&post=9"}],"version-history":[{"count":13,"href":"https:\/\/kwantyczasu.pl\/index.php?rest_route=\/wp\/v2\/pages\/9\/revisions"}],"predecessor-version":[{"id":39,"href":"https:\/\/kwantyczasu.pl\/index.php?rest_route=\/wp\/v2\/pages\/9\/revisions\/39"}],"wp:attachment":[{"href":"https:\/\/kwantyczasu.pl\/index.php?rest_route=%2Fwp%2Fv2%2Fmedia&parent=9"}],"curies":[{"name":"wp","href":"https:\/\/api.w.org\/{rel}","templated":true}]}}